{"id":14,"date":"2014-06-18T20:26:22","date_gmt":"2014-06-18T18:26:22","guid":{"rendered":"http:\/\/franssen.de\/?page_id=14"},"modified":"2014-06-19T10:23:40","modified_gmt":"2014-06-19T08:23:40","slug":"ueber-mich","status":"publish","type":"page","link":"https:\/\/franssen.de\/?page_id=14","title":{"rendered":"Datenschutz"},"content":{"rendered":"<div title=\"Page 1\">\n<div>\n<div>\n<p><strong>Dies ist eine reine private Homepage ohne gewerblichen Charakter.<\/strong><\/p>\n<p>Sie erreichen mich unter: webmaster@franssen.de<\/p>\n<p>Haftungshinweis:<\/p>\n<p>F\u00fcr Verweise auf meiner Seite m\u00f6chten ich ausdr\u00fccklich betonen, dass ich keinerlei Einfluss auf den Linktext, die Gestaltung, evtl. Verletzungen geltender Rechte, auch Marken- und Titelrechte und die Inhalte der gelinkten Seiten habe. Ich distanziere mich ausdr\u00fccklich von den Linkformulierungen, sowie von allen Inhalten aller Seiten auf die ich Verweise gesetzt habe und mache ihre Inhalte nicht zu eigen. Diese Erkl\u00e4rung gilt f\u00fcr alle auf meiner Website angebrachten Links und f\u00fcr alle Inhalte der Seiten, zu denen die bei mir angemeldeten Banner oder Links f\u00fchren.<\/p>\n<p>Ich bem\u00fche mich, m\u00f6glichst genaue und zuverl\u00e4ssige Informationen auf meiner Webseiten zu ver\u00f6ffentlichen. Ich kann jedoch keinerlei Gew\u00e4hr f\u00fcr die Richtigkeit aller ver\u00f6ffentlichten Informationen leisten. Jegliche Haftung f\u00fcr den Fall von Irrt\u00fcmern oder Auslassungen auf meiner Webseite wird ausgeschlossen.<\/p>\n<p>Datenschutzhinweis:<\/p>\n<p>Zur Optimierung meiner Webseite sammele und speichere ich Daten, z.B. Datum und Uhrzeit des Seitenaufrufs, die Seite, von der Sie aus meine Seite aufrufen und \u00e4hnliches, sofern Sie dieser Datenerhebung und -speicherung nicht widersprechen. Dies erfolgt anonymisiert, ohne den Benutzer der Seite pers\u00f6nlich zu identifizieren. Ggf. werden Nutzerprofile mittels eines Pseudonyms erstellt. Auch hierbei erfolgt keine Verbindung zwischen der hinter dem Pseudonym stehenden Person mit den erhobenen Nutzungsdaten. Zur Datenerhebung und Speicherung setze ich auch cookies ein. Auch diese erheben Daten nur in anonymisierte oder pseudonomisierter Form.<\/p>\n<p>Quelle: www.datenschutzerklaerung-online.de<\/p>\n<\/div>\n<\/div>\n<\/div>\n","protected":false},"excerpt":{"rendered":"<p>Dies ist eine reine private Homepage ohne gewerblichen Charakter. Sie erreichen mich unter: webmaster@franssen.de Haftungshinweis: F\u00fcr Verweise auf meiner Seite m\u00f6chten ich ausdr\u00fccklich betonen, dass ich keinerlei Einfluss auf den Linktext, die Gestaltung, evtl. Verletzungen geltender Rechte, auch Marken- und Titelrechte und die Inhalte der gelinkten Seiten habe. Ich distanziere mich ausdr\u00fccklich von den Linkformulierungen, &hellip; <\/p>\n<p class=\"link-more\"><a href=\"https:\/\/franssen.de\/?page_id=14\" class=\"more-link\"><span class=\"screen-reader-text\">\u201eDatenschutz\u201c <\/span>weiterlesen<\/a><\/p>\n","protected":false},"author":1,"featured_media":0,"parent":0,"menu_order":0,"comment_status":"closed","ping_status":"closed","template":"","meta":{"footnotes":""},"class_list":["post-14","page","type-page","status-publish","hentry"],"_links":{"self":[{"href":"https:\/\/franssen.de\/index.php?rest_route=\/wp\/v2\/pages\/14","targetHints":{"allow":["GET"]}}],"collection":[{"href":"https:\/\/franssen.de\/index.php?rest_route=\/wp\/v2\/pages"}],"about":[{"href":"https:\/\/franssen.de\/index.php?rest_route=\/wp\/v2\/types\/page"}],"author":[{"embeddable":true,"href":"https:\/\/franssen.de\/index.php?rest_route=\/wp\/v2\/users\/1"}],"replies":[{"embeddable":true,"href":"https:\/\/franssen.de\/index.php?rest_route=%2Fwp%2Fv2%2Fcomments&post=14"}],"version-history":[{"count":2,"href":"https:\/\/franssen.de\/index.php?rest_route=\/wp\/v2\/pages\/14\/revisions"}],"predecessor-version":[{"id":23,"href":"https:\/\/franssen.de\/index.php?rest_route=\/wp\/v2\/pages\/14\/revisions\/23"}],"wp:attachment":[{"href":"https:\/\/franssen.de\/index.php?rest_route=%2Fwp%2Fv2%2Fmedia&parent=14"}],"curies":[{"name":"wp","href":"https:\/\/api.w.org\/{rel}","templated":true}]}}